{"id":446,"date":"2018-05-07T12:41:11","date_gmt":"2018-05-07T12:41:11","guid":{"rendered":"http:\/\/keenitsolutions.com\/products\/wordpress\/rsconstruction\/?page_id=446"},"modified":"2024-08-08T22:23:55","modified_gmt":"2024-08-08T22:23:55","slug":"about-us-two","status":"publish","type":"page","link":"https:\/\/www.gngmuhendislik.com.tr\/?page_id=446","title":{"rendered":"Vizyon ve Misyon"},"content":{"rendered":"<div class=\"wpb-content-wrapper\"><p>[vc_row css=&#8221;.vc_custom_1529903784328{margin-top: 91px !important;}&#8221; el_class=&#8221;rs-about1&#8243;][vc_column]\r\n        <div class=\"rs-heading  border-style center\">\r\n        \t<div class=\"title-inner\">\r\n\t            <span class=\"sub-text\">Vizyonumuz ve Misyonumuz<\/span>\r\n\t            <h2>GNG M\u00fchendislik<\/h2>\r\n\t        <\/div><\/div>[\/vc_column][\/vc_row][vc_row css=&#8221;.vc_custom_1529903834059{margin-top: 40px !important;margin-bottom: 100px !important;padding-top: 50px !important;padding-right: 50px !important;padding-bottom: 50px !important;padding-left: 50px !important;background-color: #f7f7f7 !important;}&#8221; el_class=&#8221;rs-about1&#8243;][vc_column][vc_row_inner gap=&#8221;15&#8243;][vc_column_inner width=&#8221;1\/2&#8243;][vc_column_text css=&#8221;&#8221;]<\/p>\n<h1>Vizyonumuz<\/h1>\n<p>[\/vc_column_text][vc_column_text css=&#8221;&#8221;]End\u00fcstriyel tesislerin kurulmas\u0131nda, en son teknolojik yenilikler uygulayarak, deneyimi bilgi birikimi ile d\u00fcnyan\u0131n say\u0131l\u0131 tabi firmalar\u0131 aras\u0131nda yer almak.[\/vc_column_text][vc_column_text css=&#8221;&#8221;]<\/p>\n<h1>Misyonumuz<\/h1>\n<p>[\/vc_column_text][vc_column_text css=&#8221;&#8221;]<\/p>\n<p class=\"Style9\" style=\"margin-bottom: 39.0pt; text-align: justify;\"><span class=\"CharStyle10\"><span lang=\"EN-US\">GNG m\u00fchendislik, se\u00e7 ve kalite politikalar\u0131nda belirtilen \u00e7er\u00e7evede end\u00fcstriyel taahh\u00fct alanda ileri teknoloji m\u00fchendislik deste\u011fini m\u00fc\u015fterinin uluslararas\u0131 normlara uygun \u00fcr\u00fcn ve hizmet sunar.<\/span><\/span><\/p>\n<p>[\/vc_column_text][\/vc_column_inner][vc_column_inner width=&#8221;1\/2&#8243;][vc_single_image image=&#8221;2779&#8243; img_size=&#8221;full&#8221;][\/vc_column_inner][\/vc_row_inner][\/vc_column][\/vc_row][vc_row full_width=&#8221;stretch_row&#8221; content_placement=&#8221;middle&#8221; el_id=&#8221;cta-sec&#8221; css=&#8221;.vc_custom_1525770342759{padding-top: 35px !important;padding-bottom: 35px !important;background-color: #fbc02d !important;}&#8221;][vc_column width=&#8221;1\/6&#8243;][vc_single_image image=&#8221;2073&#8243; img_size=&#8221;full&#8221;][\/vc_column][vc_column width=&#8221;7\/12&#8243;][vc_column_text css=&#8221;&#8221; el_class=&#8221;callto-desc&#8221;]<\/p>\n<p class=\"call-subtitle\">GNG M\u00dcHEND\u0130SL\u0130K<\/p>\n<p class=\"call-title\">SERT\u0130F\u0130KALARIMIZ<\/p>\n<p>[\/vc_column_text][\/vc_column][\/vc_row][vc_row full_width=&#8221;stretch_row&#8221; css=&#8221;.vc_custom_1529903961492{padding-top: 55px !important;padding-bottom: 20px !important;background-color: #f5f5f5 !important;}&#8221;][vc_column width=&#8221;1\/5&#8243;][vc_single_image image=&#8221;3643&#8243; img_size=&#8221;full&#8221; css=&#8221;&#8221;][\/vc_column][vc_column width=&#8221;1\/5&#8243;][vc_single_image image=&#8221;3644&#8243; img_size=&#8221;full&#8221; css=&#8221;&#8221;][\/vc_column][vc_column width=&#8221;1\/5&#8243;][vc_single_image image=&#8221;3645&#8243; img_size=&#8221;full&#8221; css=&#8221;&#8221;][\/vc_column][vc_column width=&#8221;1\/5&#8243;][vc_single_image image=&#8221;3646&#8243; img_size=&#8221;full&#8221; css=&#8221;&#8221;][\/vc_column][vc_column width=&#8221;1\/5&#8243;][vc_single_image image=&#8221;3647&#8243; img_size=&#8221;full&#8221; css=&#8221;&#8221;][\/vc_column][\/vc_row]<\/p>\n<\/div>","protected":false},"excerpt":{"rendered":"<p>[vc_row css=&#8221;.vc_custom_1529903784328{margin-top: 91px !important;}&#8221; el_class=&#8221;rs-about1&#8243;][vc_column][\/vc_column][\/vc_row][vc_row css=&#8221;.vc_custom_1529903834059{margin-top: 40px !important;margin-bottom: 100px !important;padding-top: 50px !important;padding-right: 50px !important;padding-bottom: 50px !important;padding-left: 50px !important;background-color: #f7f7f7 !important;}&#8221;&#8230;<\/p>\n","protected":false},"author":1,"featured_media":0,"parent":0,"menu_order":0,"comment_status":"closed","ping_status":"closed","template":"","meta":{"footnotes":""},"class_list":["post-446","page","type-page","status-publish","hentry"],"_links":{"self":[{"href":"https:\/\/www.gngmuhendislik.com.tr\/index.php?rest_route=\/wp\/v2\/pages\/446","targetHints":{"allow":["GET"]}}],"collection":[{"href":"https:\/\/www.gngmuhendislik.com.tr\/index.php?rest_route=\/wp\/v2\/pages"}],"about":[{"href":"https:\/\/www.gngmuhendislik.com.tr\/index.php?rest_route=\/wp\/v2\/types\/page"}],"author":[{"embeddable":true,"href":"https:\/\/www.gngmuhendislik.com.tr\/index.php?rest_route=\/wp\/v2\/users\/1"}],"replies":[{"embeddable":true,"href":"https:\/\/www.gngmuhendislik.com.tr\/index.php?rest_route=%2Fwp%2Fv2%2Fcomments&post=446"}],"version-history":[{"count":6,"href":"https:\/\/www.gngmuhendislik.com.tr\/index.php?rest_route=\/wp\/v2\/pages\/446\/revisions"}],"predecessor-version":[{"id":3677,"href":"https:\/\/www.gngmuhendislik.com.tr\/index.php?rest_route=\/wp\/v2\/pages\/446\/revisions\/3677"}],"wp:attachment":[{"href":"https:\/\/www.gngmuhendislik.com.tr\/index.php?rest_route=%2Fwp%2Fv2%2Fmedia&parent=446"}],"curies":[{"name":"wp","href":"https:\/\/api.w.org\/{rel}","templated":true}]}}